{"id":23453,"date":"2025-10-02T11:28:57","date_gmt":"2025-10-02T11:28:57","guid":{"rendered":"https:\/\/plta.pt\/our-team\/"},"modified":"2025-11-07T10:06:30","modified_gmt":"2025-11-07T10:06:30","slug":"our-team","status":"publish","type":"page","link":"https:\/\/plta.pt\/en\/our-team\/","title":{"rendered":"Our Team"},"content":{"rendered":"\t\t<div data-elementor-type=\"wp-page\" data-elementor-id=\"23453\" class=\"elementor elementor-23453 elementor-22905\" data-elementor-post-type=\"page\">\n\t\t\t\t\t\t<section class=\"elementor-section-with-custom-width elementor-section elementor-top-section elementor-element elementor-element-93b3743 elementor-section-boxed elementor-section-height-default elementor-section-height-default sc_fly_static\" data-id=\"93b3743\" data-element_type=\"section\" data-e-type=\"section\" data-settings=\"{&quot;background_background&quot;:&quot;classic&quot;}\">\n\t\t\t\t\t\t<div class=\"elementor-container elementor-column-gap-extended\">\n\t\t\t\t\t<div class=\"elementor-column elementor-col-100 elementor-top-column elementor-element elementor-element-73e88d9 sc_content_align_inherit sc_layouts_column_icons_position_left sc_fly_static\" data-id=\"73e88d9\" data-element_type=\"column\" data-e-type=\"column\">\n\t\t\t<div class=\"elementor-widget-wrap elementor-element-populated\">\n\t\t\t\t\t\t<div class=\"elementor-element elementor-element-a5cbb12 sc_fly_static elementor-widget elementor-widget-text-editor\" data-id=\"a5cbb12\" data-element_type=\"widget\" data-e-type=\"widget\" data-widget_type=\"text-editor.default\">\n\t\t\t\t<div class=\"elementor-widget-container\">\n\t\t\t\t\t\t\t\t\t<p>At PLTa \u2013 Lawyers, we have a multidisciplinary team of lawyers providing integrated and cross-cutting solutions tailored to each client.<\/p>\t\t\t\t\t\t\t\t<\/div>\n\t\t\t\t<\/div>\n\t\t\t\t\t<\/div>\n\t\t<\/div>\n\t\t\t\t\t<\/div>\n\t\t<\/section>\n\t\t\t\t<section class=\"elementor-section elementor-top-section elementor-element elementor-element-fb28921 elementor-section-stretched elementor-section-boxed elementor-section-height-default elementor-section-height-default sc_fly_static\" data-id=\"fb28921\" data-element_type=\"section\" data-e-type=\"section\" data-settings=\"{&quot;background_background&quot;:&quot;classic&quot;,&quot;stretch_section&quot;:&quot;section-stretched&quot;}\">\n\t\t\t\t\t\t<div class=\"elementor-container elementor-column-gap-extended\">\n\t\t\t\t\t<div class=\"elementor-column elementor-col-100 elementor-top-column elementor-element elementor-element-257e60e sc_content_align_inherit sc_layouts_column_icons_position_left sc_fly_static\" data-id=\"257e60e\" data-element_type=\"column\" data-e-type=\"column\">\n\t\t\t<div class=\"elementor-widget-wrap elementor-element-populated\">\n\t\t\t\t\t\t<div class=\"elementor-element elementor-element-fb50364 sc_height_small sc_fly_static elementor-widget elementor-widget-spacer\" data-id=\"fb50364\" data-element_type=\"widget\" data-e-type=\"widget\" data-widget_type=\"spacer.default\">\n\t\t\t\t<div class=\"elementor-widget-container\">\n\t\t\t\t\t\t\t<div class=\"elementor-spacer\">\n\t\t\t<div class=\"elementor-spacer-inner\"><\/div>\n\t\t<\/div>\n\t\t\t\t\t\t<\/div>\n\t\t\t\t<\/div>\n\t\t\t\t<div class=\"elementor-element elementor-element-6235597 sc_fly_static elementor-widget elementor-widget-trx_sc_team\" data-id=\"6235597\" data-element_type=\"widget\" data-e-type=\"widget\" data-widget_type=\"trx_sc_team.default\">\n\t\t\t\t<div class=\"elementor-widget-container\">\n\t\t\t\t\t<div \t\tclass=\"sc_team sc_team_hover\"><div class=\"sc_team_columns_wrap sc_item_columns sc_item_posts_container trx_addons_columns_wrap columns_padding_bottom\"><div class=\"trx_addons_column-1_3 trx_addons_column-1_2-mobile\"><div data-post-id=\"23457\" class=\"sc_team_item sc_item_container post_container no_links has_post_thumbnail  post-23457 cpt_team type-cpt_team status-publish has-post-thumbnail hentry cpt_team_group-lawyers\">\r\n\t<div class=\"post_featured sc_team_item_thumb trx_addons_hover trx_addons_hover_style_info_anim\"><img fetchpriority=\"high\" decoding=\"async\" width=\"570\" height=\"696\" src=\"https:\/\/plta.pt\/wp-content\/uploads\/2025\/10\/1-570x696.png\" class=\"attachment-wealthco-thumb-rectangle size-wealthco-thumb-rectangle wp-post-image\" alt=\"\" \/><div class=\"trx_addons_hover_team\"><h4 class=\"sc_team_item_title entry-title trx_addons_hover_title\"><a href=\"https:\/\/plta.pt\/en\/team\/pedro-leao-trigo\/\">Pedro Le\u00e3o Trigo<\/a><\/h4><div class=\"sc_team_item_subtitle trx_addons_hover_title\">Advogado<\/div><div class=\"sc_team_item_socials socials_wrap trx_addons_hover_info\"><\/div><\/div><a class=\"post_link sc_team_item_link\" href=\"https:\/\/plta.pt\/en\/team\/pedro-leao-trigo\/\"><\/a><div class=\"trx_addons_hover_mask\"><\/div><\/div><\/div>\r\n<\/div><div class=\"trx_addons_column-1_3 trx_addons_column-1_2-mobile\"><div data-post-id=\"23472\" class=\"sc_team_item sc_item_container post_container no_links has_post_thumbnail  post-23472 cpt_team type-cpt_team status-publish has-post-thumbnail hentry cpt_team_group-lawyers\">\r\n\t<div class=\"post_featured sc_team_item_thumb trx_addons_hover trx_addons_hover_style_info_anim\"><img decoding=\"async\" width=\"490\" height=\"612\" src=\"https:\/\/plta.pt\/wp-content\/uploads\/2025\/10\/mockup.jpg\" class=\"attachment-wealthco-thumb-rectangle size-wealthco-thumb-rectangle wp-post-image\" alt=\"\" srcset=\"https:\/\/plta.pt\/wp-content\/uploads\/2025\/10\/mockup.jpg 490w, https:\/\/plta.pt\/wp-content\/uploads\/2025\/10\/mockup-240x300.jpg 240w, https:\/\/plta.pt\/wp-content\/uploads\/2025\/10\/mockup-370x462.jpg 370w, https:\/\/plta.pt\/wp-content\/uploads\/2025\/10\/mockup-410x512.jpg 410w\" sizes=\"(max-width: 600px) 100vw, 490px\" \/><div class=\"trx_addons_hover_team\"><h4 class=\"sc_team_item_title entry-title trx_addons_hover_title\"><a href=\"https:\/\/plta.pt\/en\/team\/jose-manuel-pereira-da-costa\/\">Jos\u00e9 Manuel Pereira Da Costa<\/a><\/h4><div class=\"sc_team_item_subtitle trx_addons_hover_title\">Advogado<\/div><div class=\"sc_team_item_socials socials_wrap trx_addons_hover_info\"><\/div><\/div><a class=\"post_link sc_team_item_link\" href=\"https:\/\/plta.pt\/en\/team\/jose-manuel-pereira-da-costa\/\"><\/a><div class=\"trx_addons_hover_mask\"><\/div><\/div><\/div>\r\n<\/div><div class=\"trx_addons_column-1_3 trx_addons_column-1_2-mobile\"><div data-post-id=\"23474\" class=\"sc_team_item sc_item_container post_container no_links has_post_thumbnail  post-23474 cpt_team type-cpt_team status-publish has-post-thumbnail hentry cpt_team_group-lawyers\">\r\n\t<div class=\"post_featured sc_team_item_thumb trx_addons_hover trx_addons_hover_style_info_anim\"><img decoding=\"async\" width=\"570\" height=\"696\" src=\"https:\/\/plta.pt\/wp-content\/uploads\/2025\/10\/Madalena-pag-equipa-570x696.jpg\" class=\"attachment-wealthco-thumb-rectangle size-wealthco-thumb-rectangle wp-post-image\" alt=\"\" \/><div class=\"trx_addons_hover_team\"><h4 class=\"sc_team_item_title entry-title trx_addons_hover_title\"><a href=\"https:\/\/plta.pt\/en\/team\/madalena-mourao\/\">Madalena Mour\u00e3o<\/a><\/h4><div class=\"sc_team_item_subtitle trx_addons_hover_title\">Advogada<\/div><\/div><a class=\"post_link sc_team_item_link\" href=\"https:\/\/plta.pt\/en\/team\/madalena-mourao\/\"><\/a><div class=\"trx_addons_hover_mask\"><\/div><\/div><\/div>\r\n<\/div><div class=\"trx_addons_column-1_3 trx_addons_column-1_2-mobile\"><div data-post-id=\"23476\" class=\"sc_team_item sc_item_container post_container no_links has_post_thumbnail  post-23476 cpt_team type-cpt_team status-publish has-post-thumbnail hentry cpt_team_group-lawyers\">\r\n\t<div class=\"post_featured sc_team_item_thumb trx_addons_hover trx_addons_hover_style_info_anim\"><img loading=\"lazy\" decoding=\"async\" width=\"570\" height=\"696\" src=\"https:\/\/plta.pt\/wp-content\/uploads\/2026\/01\/DSC_0848a-570x696.jpg\" class=\"attachment-wealthco-thumb-rectangle size-wealthco-thumb-rectangle wp-post-image\" alt=\"\" \/><div class=\"trx_addons_hover_team\"><h4 class=\"sc_team_item_title entry-title trx_addons_hover_title\"><a href=\"https:\/\/plta.pt\/en\/team\/david-serras-pereira\/\">David Serras Pereira<\/a><\/h4><div class=\"sc_team_item_subtitle trx_addons_hover_title\">Advogado \u2013 Of Counsel<\/div><\/div><a class=\"post_link sc_team_item_link\" href=\"https:\/\/plta.pt\/en\/team\/david-serras-pereira\/\"><\/a><div class=\"trx_addons_hover_mask\"><\/div><\/div><\/div>\r\n<\/div><div class=\"trx_addons_column-1_3 trx_addons_column-1_2-mobile\"><div data-post-id=\"23478\" class=\"sc_team_item sc_item_container post_container no_links has_post_thumbnail  post-23478 cpt_team type-cpt_team status-publish has-post-thumbnail hentry cpt_team_group-lawyers\">\r\n\t<div class=\"post_featured sc_team_item_thumb trx_addons_hover trx_addons_hover_style_info_anim\"><img loading=\"lazy\" decoding=\"async\" width=\"570\" height=\"696\" src=\"https:\/\/plta.pt\/wp-content\/uploads\/2025\/10\/Tito-pag-Equipa-570x696.jpg\" class=\"attachment-wealthco-thumb-rectangle size-wealthco-thumb-rectangle wp-post-image\" alt=\"\" \/><div class=\"trx_addons_hover_team\"><h4 class=\"sc_team_item_title entry-title trx_addons_hover_title\"><a href=\"https:\/\/plta.pt\/en\/team\/tito-barros-caldeira\/\">Tito Barros Caldeira<\/a><\/h4><div class=\"sc_team_item_subtitle trx_addons_hover_title\">Of Counsel<\/div><\/div><a class=\"post_link sc_team_item_link\" href=\"https:\/\/plta.pt\/en\/team\/tito-barros-caldeira\/\"><\/a><div class=\"trx_addons_hover_mask\"><\/div><\/div><\/div>\r\n<\/div><div class=\"trx_addons_column-1_3 trx_addons_column-1_2-mobile\"><div data-post-id=\"23470\" class=\"sc_team_item sc_item_container post_container no_links has_post_thumbnail  post-23470 cpt_team type-cpt_team status-publish has-post-thumbnail hentry cpt_team_group-lawyers\">\r\n\t<div class=\"post_featured sc_team_item_thumb trx_addons_hover trx_addons_hover_style_info_anim\"><img decoding=\"async\" width=\"490\" height=\"612\" src=\"https:\/\/plta.pt\/wp-content\/uploads\/2025\/10\/mockup.jpg\" class=\"attachment-wealthco-thumb-rectangle size-wealthco-thumb-rectangle wp-post-image\" alt=\"\" srcset=\"https:\/\/plta.pt\/wp-content\/uploads\/2025\/10\/mockup.jpg 490w, https:\/\/plta.pt\/wp-content\/uploads\/2025\/10\/mockup-240x300.jpg 240w, https:\/\/plta.pt\/wp-content\/uploads\/2025\/10\/mockup-370x462.jpg 370w, https:\/\/plta.pt\/wp-content\/uploads\/2025\/10\/mockup-410x512.jpg 410w\" sizes=\"(max-width: 600px) 100vw, 490px\" \/><div class=\"trx_addons_hover_team\"><h4 class=\"sc_team_item_title entry-title trx_addons_hover_title\"><a href=\"https:\/\/plta.pt\/en\/team\/joao-sequeira-marcelino\/\">Jo\u00e3o Sequeira Marcelino<\/a><\/h4><div class=\"sc_team_item_subtitle trx_addons_hover_title\">Advogado<\/div><div class=\"sc_team_item_socials socials_wrap trx_addons_hover_info\"><\/div><\/div><a class=\"post_link sc_team_item_link\" href=\"https:\/\/plta.pt\/en\/team\/joao-sequeira-marcelino\/\"><\/a><div class=\"trx_addons_hover_mask\"><\/div><\/div><\/div>\r\n<\/div><\/div><\/div>\t\t\t\t<\/div>\n\t\t\t\t<\/div>\n\t\t\t\t<div class=\"elementor-element elementor-element-702c65d sc_height_huge sc_fly_static elementor-widget elementor-widget-spacer\" data-id=\"702c65d\" data-element_type=\"widget\" data-e-type=\"widget\" data-widget_type=\"spacer.default\">\n\t\t\t\t<div class=\"elementor-widget-container\">\n\t\t\t\t\t\t\t<div class=\"elementor-spacer\">\n\t\t\t<div class=\"elementor-spacer-inner\"><\/div>\n\t\t<\/div>\n\t\t\t\t\t\t<\/div>\n\t\t\t\t<\/div>\n\t\t\t\t\t<\/div>\n\t\t<\/div>\n\t\t\t\t\t<\/div>\n\t\t<\/section>\n\t\t\t\t<\/div>\n\t\t","protected":false},"excerpt":{"rendered":"<p>At PLTa \u2013 Lawyers, we have a multidisciplinary team of lawyers providing integrated and cross-cutting solutions tailored to each client. Pedro Le\u00e3o Trigo Advogadolinkedin Jo\u00e3o Sequeira Marcelino Advogado Jos\u00e9 Manuel&hellip;<\/p>\n","protected":false},"author":1,"featured_media":0,"parent":0,"menu_order":0,"comment_status":"closed","ping_status":"closed","template":"","meta":{"footnotes":""},"class_list":["post-23453","page","type-page","status-publish","hentry"],"_links":{"self":[{"href":"https:\/\/plta.pt\/en\/wp-json\/wp\/v2\/pages\/23453","targetHints":{"allow":["GET"]}}],"collection":[{"href":"https:\/\/plta.pt\/en\/wp-json\/wp\/v2\/pages"}],"about":[{"href":"https:\/\/plta.pt\/en\/wp-json\/wp\/v2\/types\/page"}],"author":[{"embeddable":true,"href":"https:\/\/plta.pt\/en\/wp-json\/wp\/v2\/users\/1"}],"replies":[{"embeddable":true,"href":"https:\/\/plta.pt\/en\/wp-json\/wp\/v2\/comments?post=23453"}],"version-history":[{"count":2,"href":"https:\/\/plta.pt\/en\/wp-json\/wp\/v2\/pages\/23453\/revisions"}],"predecessor-version":[{"id":23684,"href":"https:\/\/plta.pt\/en\/wp-json\/wp\/v2\/pages\/23453\/revisions\/23684"}],"wp:attachment":[{"href":"https:\/\/plta.pt\/en\/wp-json\/wp\/v2\/media?parent=23453"}],"curies":[{"name":"wp","href":"https:\/\/api.w.org\/{rel}","templated":true}]}}